{"id":31548,"date":"2023-07-11T10:58:44","date_gmt":"2023-07-11T15:58:44","guid":{"rendered":"https:\/\/crystal.myhello.site\/home-french\/"},"modified":"2023-07-11T13:43:48","modified_gmt":"2023-07-11T18:43:48","slug":"home-2","status":"publish","type":"page","link":"https:\/\/crystal.myhello.site\/fr\/","title":{"rendered":"D&#8217;accueil"},"content":{"rendered":"<div id=\"cs-content\" class=\"cs-content\"><\/div>\n","protected":false},"excerpt":{"rendered":"<p>Commencez la journ\u00e9e avec un sourire sans lactose, sans trans-fat sans compromis La margarine Crystal vous aide \u00e0 maintenir un mode de vie sain sans sacrifier le go\u00fbt et le plaisir. Certifi\u00e9e v\u00e9g\u00e9talienne, elle est m\u00e9lang\u00e9e ici m\u00eame au Canada, en utilisant uniquement les meilleurs ingr\u00e9dients d\u2019origine v\u00e9g\u00e9tale. Apprenez-en plusVOTRE PREMIER CHOIX SANT\u00c9 ET D\u00c9LICIEUX d\u00e9but Notre margarine Crystal d\u2019origine &#8230; <a href=\"https:\/\/crystal.myhello.site\/fr\/\" class=\"more-link\">Read More<\/a><\/p>\n","protected":false},"author":1,"featured_media":0,"parent":0,"menu_order":0,"comment_status":"closed","ping_status":"closed","template":"template-blank-4.php","meta":{"footnotes":""},"class_list":["post-31548","page","type-page","status-publish","hentry","no-post-thumbnail"],"yoast_head":"<!-- This site is optimized with the Yoast SEO plugin v27.3 - https:\/\/yoast.com\/product\/yoast-seo-wordpress\/ -->\n<title>D&#039;accueil - Crystal Margarine<\/title>\n<meta name=\"robots\" content=\"noindex, follow, max-snippet:-1, max-image-preview:large, max-video-preview:-1\" \/>\n<meta property=\"og:locale\" content=\"fr_FR\" \/>\n<meta property=\"og:type\" content=\"article\" \/>\n<meta property=\"og:title\" content=\"D&#039;accueil - Crystal Margarine\" \/>\n<meta property=\"og:description\" content=\"Commencez la journ\u00e9e avec un sourire sans lactose, sans trans-fat sans compromis La margarine Crystal vous aide \u00e0 maintenir un mode de vie sain sans sacrifier le go\u00fbt et le plaisir. Certifi\u00e9e v\u00e9g\u00e9talienne, elle est m\u00e9lang\u00e9e ici m\u00eame au Canada, en utilisant uniquement les meilleurs ingr\u00e9dients d\u2019origine v\u00e9g\u00e9tale. Apprenez-en plusVOTRE PREMIER CHOIX SANT\u00c9 ET D\u00c9LICIEUX d\u00e9but Notre margarine Crystal d\u2019origine ... Read More\" \/>\n<meta property=\"og:url\" content=\"https:\/\/crystal.myhello.site\/\" \/>\n<meta property=\"og:site_name\" content=\"Crystal Margarine\" \/>\n<meta property=\"article:modified_time\" content=\"2023-07-11T18:43:48+00:00\" \/>\n<meta name=\"twitter:card\" content=\"summary_large_image\" \/>\n<meta name=\"twitter:label1\" content=\"Dur\u00e9e de lecture estim\u00e9e\" \/>\n\t<meta name=\"twitter:data1\" content=\"4 minutes\" \/>\n<script type=\"application\/ld+json\" class=\"yoast-schema-graph\">{\"@context\":\"https:\\\/\\\/schema.org\",\"@graph\":[{\"@type\":\"WebPage\",\"@id\":\"https:\\\/\\\/crystal.myhello.site\\\/\",\"url\":\"https:\\\/\\\/crystal.myhello.site\\\/\",\"name\":\"D'accueil - Crystal Margarine\",\"isPartOf\":{\"@id\":\"https:\\\/\\\/crystal.myhello.site\\\/#website\"},\"datePublished\":\"2023-07-11T15:58:44+00:00\",\"dateModified\":\"2023-07-11T18:43:48+00:00\",\"breadcrumb\":{\"@id\":\"https:\\\/\\\/crystal.myhello.site\\\/#breadcrumb\"},\"inLanguage\":\"fr-FR\",\"potentialAction\":[{\"@type\":\"ReadAction\",\"target\":[\"https:\\\/\\\/crystal.myhello.site\\\/\"]}]},{\"@type\":\"BreadcrumbList\",\"@id\":\"https:\\\/\\\/crystal.myhello.site\\\/#breadcrumb\",\"itemListElement\":[{\"@type\":\"ListItem\",\"position\":1,\"name\":\"Home\",\"item\":\"https:\\\/\\\/crystal.myhello.site\\\/\"},{\"@type\":\"ListItem\",\"position\":2,\"name\":\"D&#8217;accueil\"}]},{\"@type\":\"WebSite\",\"@id\":\"https:\\\/\\\/crystal.myhello.site\\\/#website\",\"url\":\"https:\\\/\\\/crystal.myhello.site\\\/\",\"name\":\"Crystal Margarine\",\"description\":\"Start your morning with a smile.\",\"potentialAction\":[{\"@type\":\"SearchAction\",\"target\":{\"@type\":\"EntryPoint\",\"urlTemplate\":\"https:\\\/\\\/crystal.myhello.site\\\/?s={search_term_string}\"},\"query-input\":{\"@type\":\"PropertyValueSpecification\",\"valueRequired\":true,\"valueName\":\"search_term_string\"}}],\"inLanguage\":\"fr-FR\"}]}<\/script>\n<!-- \/ Yoast SEO plugin. -->","yoast_head_json":{"title":"D'accueil - Crystal Margarine","robots":{"index":"noindex","follow":"follow","max-snippet":"max-snippet:-1","max-image-preview":"max-image-preview:large","max-video-preview":"max-video-preview:-1"},"og_locale":"fr_FR","og_type":"article","og_title":"D'accueil - Crystal Margarine","og_description":"Commencez la journ\u00e9e avec un sourire sans lactose, sans trans-fat sans compromis La margarine Crystal vous aide \u00e0 maintenir un mode de vie sain sans sacrifier le go\u00fbt et le plaisir. Certifi\u00e9e v\u00e9g\u00e9talienne, elle est m\u00e9lang\u00e9e ici m\u00eame au Canada, en utilisant uniquement les meilleurs ingr\u00e9dients d\u2019origine v\u00e9g\u00e9tale. Apprenez-en plusVOTRE PREMIER CHOIX SANT\u00c9 ET D\u00c9LICIEUX d\u00e9but Notre margarine Crystal d\u2019origine ... Read More","og_url":"https:\/\/crystal.myhello.site\/","og_site_name":"Crystal Margarine","article_modified_time":"2023-07-11T18:43:48+00:00","twitter_card":"summary_large_image","twitter_misc":{"Dur\u00e9e de lecture estim\u00e9e":"4 minutes"},"schema":{"@context":"https:\/\/schema.org","@graph":[{"@type":"WebPage","@id":"https:\/\/crystal.myhello.site\/","url":"https:\/\/crystal.myhello.site\/","name":"D'accueil - Crystal Margarine","isPartOf":{"@id":"https:\/\/crystal.myhello.site\/#website"},"datePublished":"2023-07-11T15:58:44+00:00","dateModified":"2023-07-11T18:43:48+00:00","breadcrumb":{"@id":"https:\/\/crystal.myhello.site\/#breadcrumb"},"inLanguage":"fr-FR","potentialAction":[{"@type":"ReadAction","target":["https:\/\/crystal.myhello.site\/"]}]},{"@type":"BreadcrumbList","@id":"https:\/\/crystal.myhello.site\/#breadcrumb","itemListElement":[{"@type":"ListItem","position":1,"name":"Home","item":"https:\/\/crystal.myhello.site\/"},{"@type":"ListItem","position":2,"name":"D&#8217;accueil"}]},{"@type":"WebSite","@id":"https:\/\/crystal.myhello.site\/#website","url":"https:\/\/crystal.myhello.site\/","name":"Crystal Margarine","description":"Start your morning with a smile.","potentialAction":[{"@type":"SearchAction","target":{"@type":"EntryPoint","urlTemplate":"https:\/\/crystal.myhello.site\/?s={search_term_string}"},"query-input":{"@type":"PropertyValueSpecification","valueRequired":true,"valueName":"search_term_string"}}],"inLanguage":"fr-FR"}]}},"_links":{"self":[{"href":"https:\/\/crystal.myhello.site\/fr\/wp-json\/wp\/v2\/pages\/31548","targetHints":{"allow":["GET"]}}],"collection":[{"href":"https:\/\/crystal.myhello.site\/fr\/wp-json\/wp\/v2\/pages"}],"about":[{"href":"https:\/\/crystal.myhello.site\/fr\/wp-json\/wp\/v2\/types\/page"}],"author":[{"embeddable":true,"href":"https:\/\/crystal.myhello.site\/fr\/wp-json\/wp\/v2\/users\/1"}],"replies":[{"embeddable":true,"href":"https:\/\/crystal.myhello.site\/fr\/wp-json\/wp\/v2\/comments?post=31548"}],"version-history":[{"count":29,"href":"https:\/\/crystal.myhello.site\/fr\/wp-json\/wp\/v2\/pages\/31548\/revisions"}],"predecessor-version":[{"id":31695,"href":"https:\/\/crystal.myhello.site\/fr\/wp-json\/wp\/v2\/pages\/31548\/revisions\/31695"}],"wp:attachment":[{"href":"https:\/\/crystal.myhello.site\/fr\/wp-json\/wp\/v2\/media?parent=31548"}],"curies":[{"name":"wp","href":"https:\/\/api.w.org\/{rel}","templated":true}]}}