{"id":31569,"date":"2023-07-11T11:11:46","date_gmt":"2023-07-11T16:11:46","guid":{"rendered":"https:\/\/crystal.myhello.site\/nutrition-french\/"},"modified":"2023-07-11T12:00:35","modified_gmt":"2023-07-11T17:00:35","slug":"nutrition","status":"publish","type":"page","link":"https:\/\/crystal.myhello.site\/fr\/nutrition\/","title":{"rendered":"Nutrition"},"content":{"rendered":"<div id=\"cs-content\" class=\"cs-content\"><\/div>\n","protected":false},"excerpt":{"rendered":"<p>Nutrition Votre premier choix sant\u00e9 et d\u00e9licieux Sans lactose, sans acide gras trans sans compromis Notre margarine Crystal d\u2019origine v\u00e9g\u00e9tale vous aide \u00e0 maintenir un mode de vie positif sans sacrifier le go\u00fbt et le plaisir. Non seulement la margarine Crystal est-elle v\u00e9g\u00e9talienne et faible en graisses satur\u00e9es, elle constitue \u00e9galement une excellente source d\u2019acides gras om\u00e9ga-3 et de vitamine &#8230; <a href=\"https:\/\/crystal.myhello.site\/fr\/nutrition\/\" class=\"more-link\">Read More<\/a><\/p>\n","protected":false},"author":1,"featured_media":0,"parent":0,"menu_order":0,"comment_status":"closed","ping_status":"closed","template":"template-blank-4.php","meta":{"footnotes":""},"class_list":["post-31569","page","type-page","status-publish","hentry","no-post-thumbnail"],"yoast_head":"<!-- This site is optimized with the Yoast SEO plugin v27.5 - https:\/\/yoast.com\/product\/yoast-seo-wordpress\/ -->\n<title>Nutrition - Crystal Margarine<\/title>\n<meta name=\"robots\" content=\"noindex, follow, max-snippet:-1, max-image-preview:large, max-video-preview:-1\" \/>\n<meta property=\"og:locale\" content=\"fr_FR\" \/>\n<meta property=\"og:type\" content=\"article\" \/>\n<meta property=\"og:title\" content=\"Nutrition - Crystal Margarine\" \/>\n<meta property=\"og:description\" content=\"Nutrition Votre premier choix sant\u00e9 et d\u00e9licieux Sans lactose, sans acide gras trans sans compromis Notre margarine Crystal d\u2019origine v\u00e9g\u00e9tale vous aide \u00e0 maintenir un mode de vie positif sans sacrifier le go\u00fbt et le plaisir. Non seulement la margarine Crystal est-elle v\u00e9g\u00e9talienne et faible en graisses satur\u00e9es, elle constitue \u00e9galement une excellente source d\u2019acides gras om\u00e9ga-3 et de vitamine ... Read More\" \/>\n<meta property=\"og:url\" content=\"https:\/\/crystal.myhello.site\/nutrition\/\" \/>\n<meta property=\"og:site_name\" content=\"Crystal Margarine\" \/>\n<meta property=\"article:modified_time\" content=\"2023-07-11T17:00:35+00:00\" \/>\n<meta name=\"twitter:card\" content=\"summary_large_image\" \/>\n<meta name=\"twitter:label1\" content=\"Dur\u00e9e de lecture estim\u00e9e\" \/>\n\t<meta name=\"twitter:data1\" content=\"3 minutes\" \/>\n<script type=\"application\/ld+json\" class=\"yoast-schema-graph\">{\"@context\":\"https:\\\/\\\/schema.org\",\"@graph\":[{\"@type\":\"WebPage\",\"@id\":\"https:\\\/\\\/crystal.myhello.site\\\/nutrition\\\/\",\"url\":\"https:\\\/\\\/crystal.myhello.site\\\/nutrition\\\/\",\"name\":\"Nutrition - Crystal Margarine\",\"isPartOf\":{\"@id\":\"https:\\\/\\\/crystal.myhello.site\\\/#website\"},\"datePublished\":\"2023-07-11T16:11:46+00:00\",\"dateModified\":\"2023-07-11T17:00:35+00:00\",\"breadcrumb\":{\"@id\":\"https:\\\/\\\/crystal.myhello.site\\\/nutrition\\\/#breadcrumb\"},\"inLanguage\":\"fr-FR\",\"potentialAction\":[{\"@type\":\"ReadAction\",\"target\":[\"https:\\\/\\\/crystal.myhello.site\\\/nutrition\\\/\"]}]},{\"@type\":\"BreadcrumbList\",\"@id\":\"https:\\\/\\\/crystal.myhello.site\\\/nutrition\\\/#breadcrumb\",\"itemListElement\":[{\"@type\":\"ListItem\",\"position\":1,\"name\":\"Home\",\"item\":\"https:\\\/\\\/crystal.myhello.site\\\/\"},{\"@type\":\"ListItem\",\"position\":2,\"name\":\"Nutrition\"}]},{\"@type\":\"WebSite\",\"@id\":\"https:\\\/\\\/crystal.myhello.site\\\/#website\",\"url\":\"https:\\\/\\\/crystal.myhello.site\\\/\",\"name\":\"Crystal Margarine\",\"description\":\"Start your morning with a smile.\",\"potentialAction\":[{\"@type\":\"SearchAction\",\"target\":{\"@type\":\"EntryPoint\",\"urlTemplate\":\"https:\\\/\\\/crystal.myhello.site\\\/?s={search_term_string}\"},\"query-input\":{\"@type\":\"PropertyValueSpecification\",\"valueRequired\":true,\"valueName\":\"search_term_string\"}}],\"inLanguage\":\"fr-FR\"}]}<\/script>\n<!-- \/ Yoast SEO plugin. -->","yoast_head_json":{"title":"Nutrition - Crystal Margarine","robots":{"index":"noindex","follow":"follow","max-snippet":"max-snippet:-1","max-image-preview":"max-image-preview:large","max-video-preview":"max-video-preview:-1"},"og_locale":"fr_FR","og_type":"article","og_title":"Nutrition - Crystal Margarine","og_description":"Nutrition Votre premier choix sant\u00e9 et d\u00e9licieux Sans lactose, sans acide gras trans sans compromis Notre margarine Crystal d\u2019origine v\u00e9g\u00e9tale vous aide \u00e0 maintenir un mode de vie positif sans sacrifier le go\u00fbt et le plaisir. Non seulement la margarine Crystal est-elle v\u00e9g\u00e9talienne et faible en graisses satur\u00e9es, elle constitue \u00e9galement une excellente source d\u2019acides gras om\u00e9ga-3 et de vitamine ... Read More","og_url":"https:\/\/crystal.myhello.site\/nutrition\/","og_site_name":"Crystal Margarine","article_modified_time":"2023-07-11T17:00:35+00:00","twitter_card":"summary_large_image","twitter_misc":{"Dur\u00e9e de lecture estim\u00e9e":"3 minutes"},"schema":{"@context":"https:\/\/schema.org","@graph":[{"@type":"WebPage","@id":"https:\/\/crystal.myhello.site\/nutrition\/","url":"https:\/\/crystal.myhello.site\/nutrition\/","name":"Nutrition - Crystal Margarine","isPartOf":{"@id":"https:\/\/crystal.myhello.site\/#website"},"datePublished":"2023-07-11T16:11:46+00:00","dateModified":"2023-07-11T17:00:35+00:00","breadcrumb":{"@id":"https:\/\/crystal.myhello.site\/nutrition\/#breadcrumb"},"inLanguage":"fr-FR","potentialAction":[{"@type":"ReadAction","target":["https:\/\/crystal.myhello.site\/nutrition\/"]}]},{"@type":"BreadcrumbList","@id":"https:\/\/crystal.myhello.site\/nutrition\/#breadcrumb","itemListElement":[{"@type":"ListItem","position":1,"name":"Home","item":"https:\/\/crystal.myhello.site\/"},{"@type":"ListItem","position":2,"name":"Nutrition"}]},{"@type":"WebSite","@id":"https:\/\/crystal.myhello.site\/#website","url":"https:\/\/crystal.myhello.site\/","name":"Crystal Margarine","description":"Start your morning with a smile.","potentialAction":[{"@type":"SearchAction","target":{"@type":"EntryPoint","urlTemplate":"https:\/\/crystal.myhello.site\/?s={search_term_string}"},"query-input":{"@type":"PropertyValueSpecification","valueRequired":true,"valueName":"search_term_string"}}],"inLanguage":"fr-FR"}]}},"_links":{"self":[{"href":"https:\/\/crystal.myhello.site\/fr\/wp-json\/wp\/v2\/pages\/31569","targetHints":{"allow":["GET"]}}],"collection":[{"href":"https:\/\/crystal.myhello.site\/fr\/wp-json\/wp\/v2\/pages"}],"about":[{"href":"https:\/\/crystal.myhello.site\/fr\/wp-json\/wp\/v2\/types\/page"}],"author":[{"embeddable":true,"href":"https:\/\/crystal.myhello.site\/fr\/wp-json\/wp\/v2\/users\/1"}],"replies":[{"embeddable":true,"href":"https:\/\/crystal.myhello.site\/fr\/wp-json\/wp\/v2\/comments?post=31569"}],"version-history":[{"count":19,"href":"https:\/\/crystal.myhello.site\/fr\/wp-json\/wp\/v2\/pages\/31569\/revisions"}],"predecessor-version":[{"id":31665,"href":"https:\/\/crystal.myhello.site\/fr\/wp-json\/wp\/v2\/pages\/31569\/revisions\/31665"}],"wp:attachment":[{"href":"https:\/\/crystal.myhello.site\/fr\/wp-json\/wp\/v2\/media?parent=31569"}],"curies":[{"name":"wp","href":"https:\/\/api.w.org\/{rel}","templated":true}]}}