{"id":31591,"date":"2023-07-11T11:19:05","date_gmt":"2023-07-11T16:19:05","guid":{"rendered":"https:\/\/crystal.myhello.site\/about-french\/"},"modified":"2023-07-11T11:21:45","modified_gmt":"2023-07-11T16:21:45","slug":"a-propos","status":"publish","type":"page","link":"https:\/\/crystal.myhello.site\/fr\/a-propos\/","title":{"rendered":"\u00c0 propos"},"content":{"rendered":"<div id=\"cs-content\" class=\"cs-content\"><\/div>\n","protected":false},"excerpt":{"rendered":"<p>\u00c0 propos Notre engagement et notre histoire SOUCIEUX DE LA SANT\u00c9 Notre engagement Nous sommes fiers de notre margarine Crystal. C\u2019est la margarine de choix des consommateurs soucieux de leur sant\u00e9 et d\u00e9sirant obtenir la qualit\u00e9 la plus \u00e9lev\u00e9e et un excellent go\u00fbt. M\u00e9lang\u00e9e ici m\u00eame au Canada \u00e0 partir d\u2019huiles de canola et v\u00e9g\u00e9tales, cette margarine sans acide gras &#8230; <a href=\"https:\/\/crystal.myhello.site\/fr\/a-propos\/\" class=\"more-link\">Read More<\/a><\/p>\n","protected":false},"author":1,"featured_media":0,"parent":0,"menu_order":0,"comment_status":"closed","ping_status":"closed","template":"template-blank-4.php","meta":{"footnotes":""},"class_list":["post-31591","page","type-page","status-publish","hentry","no-post-thumbnail"],"yoast_head":"<!-- This site is optimized with the Yoast SEO plugin v27.5 - https:\/\/yoast.com\/product\/yoast-seo-wordpress\/ -->\n<title>\u00c0 propos - Crystal Margarine<\/title>\n<meta name=\"robots\" content=\"noindex, follow, max-snippet:-1, max-image-preview:large, max-video-preview:-1\" \/>\n<meta property=\"og:locale\" content=\"fr_FR\" \/>\n<meta property=\"og:type\" content=\"article\" \/>\n<meta property=\"og:title\" content=\"\u00c0 propos - Crystal Margarine\" \/>\n<meta property=\"og:description\" content=\"\u00c0 propos Notre engagement et notre histoire SOUCIEUX DE LA SANT\u00c9 Notre engagement Nous sommes fiers de notre margarine Crystal. C\u2019est la margarine de choix des consommateurs soucieux de leur sant\u00e9 et d\u00e9sirant obtenir la qualit\u00e9 la plus \u00e9lev\u00e9e et un excellent go\u00fbt. M\u00e9lang\u00e9e ici m\u00eame au Canada \u00e0 partir d\u2019huiles de canola et v\u00e9g\u00e9tales, cette margarine sans acide gras ... Read More\" \/>\n<meta property=\"og:url\" content=\"https:\/\/crystal.myhello.site\/about\/\" \/>\n<meta property=\"og:site_name\" content=\"Crystal Margarine\" \/>\n<meta property=\"article:modified_time\" content=\"2023-07-11T16:21:45+00:00\" \/>\n<meta name=\"twitter:card\" content=\"summary_large_image\" \/>\n<meta name=\"twitter:label1\" content=\"Dur\u00e9e de lecture estim\u00e9e\" \/>\n\t<meta name=\"twitter:data1\" content=\"2 minutes\" \/>\n<script type=\"application\/ld+json\" class=\"yoast-schema-graph\">{\"@context\":\"https:\\\/\\\/schema.org\",\"@graph\":[{\"@type\":\"WebPage\",\"@id\":\"https:\\\/\\\/crystal.myhello.site\\\/about\\\/\",\"url\":\"https:\\\/\\\/crystal.myhello.site\\\/about\\\/\",\"name\":\"\u00c0 propos - Crystal Margarine\",\"isPartOf\":{\"@id\":\"https:\\\/\\\/crystal.myhello.site\\\/#website\"},\"datePublished\":\"2023-07-11T16:19:05+00:00\",\"dateModified\":\"2023-07-11T16:21:45+00:00\",\"breadcrumb\":{\"@id\":\"https:\\\/\\\/crystal.myhello.site\\\/about\\\/#breadcrumb\"},\"inLanguage\":\"fr-FR\",\"potentialAction\":[{\"@type\":\"ReadAction\",\"target\":[\"https:\\\/\\\/crystal.myhello.site\\\/about\\\/\"]}]},{\"@type\":\"BreadcrumbList\",\"@id\":\"https:\\\/\\\/crystal.myhello.site\\\/about\\\/#breadcrumb\",\"itemListElement\":[{\"@type\":\"ListItem\",\"position\":1,\"name\":\"Home\",\"item\":\"https:\\\/\\\/crystal.myhello.site\\\/\"},{\"@type\":\"ListItem\",\"position\":2,\"name\":\"\u00c0 propos\"}]},{\"@type\":\"WebSite\",\"@id\":\"https:\\\/\\\/crystal.myhello.site\\\/#website\",\"url\":\"https:\\\/\\\/crystal.myhello.site\\\/\",\"name\":\"Crystal Margarine\",\"description\":\"Start your morning with a smile.\",\"potentialAction\":[{\"@type\":\"SearchAction\",\"target\":{\"@type\":\"EntryPoint\",\"urlTemplate\":\"https:\\\/\\\/crystal.myhello.site\\\/?s={search_term_string}\"},\"query-input\":{\"@type\":\"PropertyValueSpecification\",\"valueRequired\":true,\"valueName\":\"search_term_string\"}}],\"inLanguage\":\"fr-FR\"}]}<\/script>\n<!-- \/ Yoast SEO plugin. -->","yoast_head_json":{"title":"\u00c0 propos - Crystal Margarine","robots":{"index":"noindex","follow":"follow","max-snippet":"max-snippet:-1","max-image-preview":"max-image-preview:large","max-video-preview":"max-video-preview:-1"},"og_locale":"fr_FR","og_type":"article","og_title":"\u00c0 propos - Crystal Margarine","og_description":"\u00c0 propos Notre engagement et notre histoire SOUCIEUX DE LA SANT\u00c9 Notre engagement Nous sommes fiers de notre margarine Crystal. C\u2019est la margarine de choix des consommateurs soucieux de leur sant\u00e9 et d\u00e9sirant obtenir la qualit\u00e9 la plus \u00e9lev\u00e9e et un excellent go\u00fbt. M\u00e9lang\u00e9e ici m\u00eame au Canada \u00e0 partir d\u2019huiles de canola et v\u00e9g\u00e9tales, cette margarine sans acide gras ... Read More","og_url":"https:\/\/crystal.myhello.site\/about\/","og_site_name":"Crystal Margarine","article_modified_time":"2023-07-11T16:21:45+00:00","twitter_card":"summary_large_image","twitter_misc":{"Dur\u00e9e de lecture estim\u00e9e":"2 minutes"},"schema":{"@context":"https:\/\/schema.org","@graph":[{"@type":"WebPage","@id":"https:\/\/crystal.myhello.site\/about\/","url":"https:\/\/crystal.myhello.site\/about\/","name":"\u00c0 propos - Crystal Margarine","isPartOf":{"@id":"https:\/\/crystal.myhello.site\/#website"},"datePublished":"2023-07-11T16:19:05+00:00","dateModified":"2023-07-11T16:21:45+00:00","breadcrumb":{"@id":"https:\/\/crystal.myhello.site\/about\/#breadcrumb"},"inLanguage":"fr-FR","potentialAction":[{"@type":"ReadAction","target":["https:\/\/crystal.myhello.site\/about\/"]}]},{"@type":"BreadcrumbList","@id":"https:\/\/crystal.myhello.site\/about\/#breadcrumb","itemListElement":[{"@type":"ListItem","position":1,"name":"Home","item":"https:\/\/crystal.myhello.site\/"},{"@type":"ListItem","position":2,"name":"\u00c0 propos"}]},{"@type":"WebSite","@id":"https:\/\/crystal.myhello.site\/#website","url":"https:\/\/crystal.myhello.site\/","name":"Crystal Margarine","description":"Start your morning with a smile.","potentialAction":[{"@type":"SearchAction","target":{"@type":"EntryPoint","urlTemplate":"https:\/\/crystal.myhello.site\/?s={search_term_string}"},"query-input":{"@type":"PropertyValueSpecification","valueRequired":true,"valueName":"search_term_string"}}],"inLanguage":"fr-FR"}]}},"_links":{"self":[{"href":"https:\/\/crystal.myhello.site\/fr\/wp-json\/wp\/v2\/pages\/31591","targetHints":{"allow":["GET"]}}],"collection":[{"href":"https:\/\/crystal.myhello.site\/fr\/wp-json\/wp\/v2\/pages"}],"about":[{"href":"https:\/\/crystal.myhello.site\/fr\/wp-json\/wp\/v2\/types\/page"}],"author":[{"embeddable":true,"href":"https:\/\/crystal.myhello.site\/fr\/wp-json\/wp\/v2\/users\/1"}],"replies":[{"embeddable":true,"href":"https:\/\/crystal.myhello.site\/fr\/wp-json\/wp\/v2\/comments?post=31591"}],"version-history":[{"count":14,"href":"https:\/\/crystal.myhello.site\/fr\/wp-json\/wp\/v2\/pages\/31591\/revisions"}],"predecessor-version":[{"id":31605,"href":"https:\/\/crystal.myhello.site\/fr\/wp-json\/wp\/v2\/pages\/31591\/revisions\/31605"}],"wp:attachment":[{"href":"https:\/\/crystal.myhello.site\/fr\/wp-json\/wp\/v2\/media?parent=31591"}],"curies":[{"name":"wp","href":"https:\/\/api.w.org\/{rel}","templated":true}]}}