{"id":31606,"date":"2023-07-11T11:23:28","date_gmt":"2023-07-11T16:23:28","guid":{"rendered":"https:\/\/crystal.myhello.site\/contact-french\/"},"modified":"2023-07-11T11:41:29","modified_gmt":"2023-07-11T16:41:29","slug":"nous-joindre","status":"publish","type":"page","link":"https:\/\/crystal.myhello.site\/fr\/nous-joindre\/","title":{"rendered":"Nous joindre"},"content":{"rendered":"<div id=\"cs-content\" class=\"cs-content\"><\/div>\n","protected":false},"excerpt":{"rendered":"<p>Nous joindre Restons en contact QUESTIONS SUR NOTRE MARGARINE CRYSTAL Trouvez les r\u00e9ponses aux questions qui reviennent le plus souvent \u00e0 la page de notre FAQ. notre FAQ additionnelles Informations Nous d\u00e9sirons vous entendre. Nous sommes pr\u00e9sents pour prendre votre appel, du lundi au vendredi, de 8 h 30 \u00e0 16 h 30 HNC, au 1-800-635-3296. margarine.info@richardson.ca Nom* Pr\u00e9nom Nom &#8230; <a href=\"https:\/\/crystal.myhello.site\/fr\/nous-joindre\/\" class=\"more-link\">Read More<\/a><\/p>\n","protected":false},"author":1,"featured_media":0,"parent":0,"menu_order":0,"comment_status":"closed","ping_status":"closed","template":"template-blank-4.php","meta":{"footnotes":""},"class_list":["post-31606","page","type-page","status-publish","hentry","no-post-thumbnail"],"yoast_head":"<!-- This site is optimized with the Yoast SEO plugin v27.5 - https:\/\/yoast.com\/product\/yoast-seo-wordpress\/ -->\n<title>Nous joindre - Crystal Margarine<\/title>\n<meta name=\"robots\" content=\"noindex, follow, max-snippet:-1, max-image-preview:large, max-video-preview:-1\" \/>\n<meta property=\"og:locale\" content=\"fr_FR\" \/>\n<meta property=\"og:type\" content=\"article\" \/>\n<meta property=\"og:title\" content=\"Nous joindre - Crystal Margarine\" \/>\n<meta property=\"og:description\" content=\"Nous joindre Restons en contact QUESTIONS SUR NOTRE MARGARINE CRYSTAL Trouvez les r\u00e9ponses aux questions qui reviennent le plus souvent \u00e0 la page de notre FAQ. notre FAQ additionnelles Informations Nous d\u00e9sirons vous entendre. Nous sommes pr\u00e9sents pour prendre votre appel, du lundi au vendredi, de 8 h 30 \u00e0 16 h 30 HNC, au 1-800-635-3296. margarine.info@richardson.ca Nom* Pr\u00e9nom Nom ... Read More\" \/>\n<meta property=\"og:url\" content=\"https:\/\/crystal.myhello.site\/contact\/\" \/>\n<meta property=\"og:site_name\" content=\"Crystal Margarine\" \/>\n<meta property=\"article:modified_time\" content=\"2023-07-11T16:41:29+00:00\" \/>\n<meta name=\"twitter:card\" content=\"summary_large_image\" \/>\n<meta name=\"twitter:label1\" content=\"Dur\u00e9e de lecture estim\u00e9e\" \/>\n\t<meta name=\"twitter:data1\" content=\"1 minute\" \/>\n<script type=\"application\/ld+json\" class=\"yoast-schema-graph\">{\"@context\":\"https:\\\/\\\/schema.org\",\"@graph\":[{\"@type\":\"WebPage\",\"@id\":\"https:\\\/\\\/crystal.myhello.site\\\/contact\\\/\",\"url\":\"https:\\\/\\\/crystal.myhello.site\\\/contact\\\/\",\"name\":\"Nous joindre - Crystal Margarine\",\"isPartOf\":{\"@id\":\"https:\\\/\\\/crystal.myhello.site\\\/#website\"},\"datePublished\":\"2023-07-11T16:23:28+00:00\",\"dateModified\":\"2023-07-11T16:41:29+00:00\",\"breadcrumb\":{\"@id\":\"https:\\\/\\\/crystal.myhello.site\\\/contact\\\/#breadcrumb\"},\"inLanguage\":\"fr-FR\",\"potentialAction\":[{\"@type\":\"ReadAction\",\"target\":[\"https:\\\/\\\/crystal.myhello.site\\\/contact\\\/\"]}]},{\"@type\":\"BreadcrumbList\",\"@id\":\"https:\\\/\\\/crystal.myhello.site\\\/contact\\\/#breadcrumb\",\"itemListElement\":[{\"@type\":\"ListItem\",\"position\":1,\"name\":\"Home\",\"item\":\"https:\\\/\\\/crystal.myhello.site\\\/\"},{\"@type\":\"ListItem\",\"position\":2,\"name\":\"Nous joindre\"}]},{\"@type\":\"WebSite\",\"@id\":\"https:\\\/\\\/crystal.myhello.site\\\/#website\",\"url\":\"https:\\\/\\\/crystal.myhello.site\\\/\",\"name\":\"Crystal Margarine\",\"description\":\"Start your morning with a smile.\",\"potentialAction\":[{\"@type\":\"SearchAction\",\"target\":{\"@type\":\"EntryPoint\",\"urlTemplate\":\"https:\\\/\\\/crystal.myhello.site\\\/?s={search_term_string}\"},\"query-input\":{\"@type\":\"PropertyValueSpecification\",\"valueRequired\":true,\"valueName\":\"search_term_string\"}}],\"inLanguage\":\"fr-FR\"}]}<\/script>\n<!-- \/ Yoast SEO plugin. -->","yoast_head_json":{"title":"Nous joindre - Crystal Margarine","robots":{"index":"noindex","follow":"follow","max-snippet":"max-snippet:-1","max-image-preview":"max-image-preview:large","max-video-preview":"max-video-preview:-1"},"og_locale":"fr_FR","og_type":"article","og_title":"Nous joindre - Crystal Margarine","og_description":"Nous joindre Restons en contact QUESTIONS SUR NOTRE MARGARINE CRYSTAL Trouvez les r\u00e9ponses aux questions qui reviennent le plus souvent \u00e0 la page de notre FAQ. notre FAQ additionnelles Informations Nous d\u00e9sirons vous entendre. Nous sommes pr\u00e9sents pour prendre votre appel, du lundi au vendredi, de 8 h 30 \u00e0 16 h 30 HNC, au 1-800-635-3296. margarine.info@richardson.ca Nom* Pr\u00e9nom Nom ... Read More","og_url":"https:\/\/crystal.myhello.site\/contact\/","og_site_name":"Crystal Margarine","article_modified_time":"2023-07-11T16:41:29+00:00","twitter_card":"summary_large_image","twitter_misc":{"Dur\u00e9e de lecture estim\u00e9e":"1 minute"},"schema":{"@context":"https:\/\/schema.org","@graph":[{"@type":"WebPage","@id":"https:\/\/crystal.myhello.site\/contact\/","url":"https:\/\/crystal.myhello.site\/contact\/","name":"Nous joindre - Crystal Margarine","isPartOf":{"@id":"https:\/\/crystal.myhello.site\/#website"},"datePublished":"2023-07-11T16:23:28+00:00","dateModified":"2023-07-11T16:41:29+00:00","breadcrumb":{"@id":"https:\/\/crystal.myhello.site\/contact\/#breadcrumb"},"inLanguage":"fr-FR","potentialAction":[{"@type":"ReadAction","target":["https:\/\/crystal.myhello.site\/contact\/"]}]},{"@type":"BreadcrumbList","@id":"https:\/\/crystal.myhello.site\/contact\/#breadcrumb","itemListElement":[{"@type":"ListItem","position":1,"name":"Home","item":"https:\/\/crystal.myhello.site\/"},{"@type":"ListItem","position":2,"name":"Nous joindre"}]},{"@type":"WebSite","@id":"https:\/\/crystal.myhello.site\/#website","url":"https:\/\/crystal.myhello.site\/","name":"Crystal Margarine","description":"Start your morning with a smile.","potentialAction":[{"@type":"SearchAction","target":{"@type":"EntryPoint","urlTemplate":"https:\/\/crystal.myhello.site\/?s={search_term_string}"},"query-input":{"@type":"PropertyValueSpecification","valueRequired":true,"valueName":"search_term_string"}}],"inLanguage":"fr-FR"}]}},"_links":{"self":[{"href":"https:\/\/crystal.myhello.site\/fr\/wp-json\/wp\/v2\/pages\/31606","targetHints":{"allow":["GET"]}}],"collection":[{"href":"https:\/\/crystal.myhello.site\/fr\/wp-json\/wp\/v2\/pages"}],"about":[{"href":"https:\/\/crystal.myhello.site\/fr\/wp-json\/wp\/v2\/types\/page"}],"author":[{"embeddable":true,"href":"https:\/\/crystal.myhello.site\/fr\/wp-json\/wp\/v2\/users\/1"}],"replies":[{"embeddable":true,"href":"https:\/\/crystal.myhello.site\/fr\/wp-json\/wp\/v2\/comments?post=31606"}],"version-history":[{"count":9,"href":"https:\/\/crystal.myhello.site\/fr\/wp-json\/wp\/v2\/pages\/31606\/revisions"}],"predecessor-version":[{"id":31629,"href":"https:\/\/crystal.myhello.site\/fr\/wp-json\/wp\/v2\/pages\/31606\/revisions\/31629"}],"wp:attachment":[{"href":"https:\/\/crystal.myhello.site\/fr\/wp-json\/wp\/v2\/media?parent=31606"}],"curies":[{"name":"wp","href":"https:\/\/api.w.org\/{rel}","templated":true}]}}