{"id":31622,"date":"2023-07-11T11:40:29","date_gmt":"2023-07-11T16:40:29","guid":{"rendered":"https:\/\/crystal.myhello.site\/faqs-french\/"},"modified":"2023-07-11T11:55:54","modified_gmt":"2023-07-11T16:55:54","slug":"notre-faq","status":"publish","type":"page","link":"https:\/\/crystal.myhello.site\/fr\/nutrition\/notre-faq\/","title":{"rendered":"Notre FAQ"},"content":{"rendered":"<div id=\"cs-content\" class=\"cs-content\"><\/div>\n","protected":false},"excerpt":{"rendered":"<p>Notre FAQ Foire aux questions Nos ingr\u00e9dients crystal margarine Consultez notre page des ingr\u00e9dients pour une liste compl\u00e8te des ingr\u00e9dients. Notre margarine se compose d\u2019ingr\u00e9dients v\u00e9g\u00e9taux et contient principalement de l\u2019huile de canola cultiv\u00e9 ici m\u00eame au Canada. Nous sommes fiers de soutenir des milliers d\u2019agriculteurs canadiens et leurs familles. LA MARGARINE CRYSTAL EST-ELLE S\u00dbRE POUR UNE DI\u00c8TE SANS GLUTEN? &#8230; <a href=\"https:\/\/crystal.myhello.site\/fr\/nutrition\/notre-faq\/\" class=\"more-link\">Read More<\/a><\/p>\n","protected":false},"author":1,"featured_media":0,"parent":31569,"menu_order":0,"comment_status":"closed","ping_status":"closed","template":"template-blank-4.php","meta":{"footnotes":""},"class_list":["post-31622","page","type-page","status-publish","hentry","no-post-thumbnail"],"yoast_head":"<!-- This site is optimized with the Yoast SEO plugin v27.5 - https:\/\/yoast.com\/product\/yoast-seo-wordpress\/ -->\n<title>Notre FAQ - Crystal Margarine<\/title>\n<meta name=\"robots\" content=\"noindex, follow, max-snippet:-1, max-image-preview:large, max-video-preview:-1\" \/>\n<meta property=\"og:locale\" content=\"fr_FR\" \/>\n<meta property=\"og:type\" content=\"article\" \/>\n<meta property=\"og:title\" content=\"Notre FAQ - Crystal Margarine\" \/>\n<meta property=\"og:description\" content=\"Notre FAQ Foire aux questions Nos ingr\u00e9dients crystal margarine Consultez notre page des ingr\u00e9dients pour une liste compl\u00e8te des ingr\u00e9dients. Notre margarine se compose d\u2019ingr\u00e9dients v\u00e9g\u00e9taux et contient principalement de l\u2019huile de canola cultiv\u00e9 ici m\u00eame au Canada. Nous sommes fiers de soutenir des milliers d\u2019agriculteurs canadiens et leurs familles. LA MARGARINE CRYSTAL EST-ELLE S\u00dbRE POUR UNE DI\u00c8TE SANS GLUTEN? ... Read More\" \/>\n<meta property=\"og:url\" content=\"https:\/\/crystal.myhello.site\/nutrition\/faqs\/\" \/>\n<meta property=\"og:site_name\" content=\"Crystal Margarine\" \/>\n<meta property=\"article:modified_time\" content=\"2023-07-11T16:55:54+00:00\" \/>\n<meta name=\"twitter:card\" content=\"summary_large_image\" \/>\n<meta name=\"twitter:label1\" content=\"Dur\u00e9e de lecture estim\u00e9e\" \/>\n\t<meta name=\"twitter:data1\" content=\"3 minutes\" \/>\n<script type=\"application\/ld+json\" class=\"yoast-schema-graph\">{\"@context\":\"https:\\\/\\\/schema.org\",\"@graph\":[{\"@type\":\"WebPage\",\"@id\":\"https:\\\/\\\/crystal.myhello.site\\\/nutrition\\\/faqs\\\/\",\"url\":\"https:\\\/\\\/crystal.myhello.site\\\/nutrition\\\/faqs\\\/\",\"name\":\"Notre FAQ - Crystal Margarine\",\"isPartOf\":{\"@id\":\"https:\\\/\\\/crystal.myhello.site\\\/#website\"},\"datePublished\":\"2023-07-11T16:40:29+00:00\",\"dateModified\":\"2023-07-11T16:55:54+00:00\",\"breadcrumb\":{\"@id\":\"https:\\\/\\\/crystal.myhello.site\\\/nutrition\\\/faqs\\\/#breadcrumb\"},\"inLanguage\":\"fr-FR\",\"potentialAction\":[{\"@type\":\"ReadAction\",\"target\":[\"https:\\\/\\\/crystal.myhello.site\\\/nutrition\\\/faqs\\\/\"]}]},{\"@type\":\"BreadcrumbList\",\"@id\":\"https:\\\/\\\/crystal.myhello.site\\\/nutrition\\\/faqs\\\/#breadcrumb\",\"itemListElement\":[{\"@type\":\"ListItem\",\"position\":1,\"name\":\"Home\",\"item\":\"https:\\\/\\\/crystal.myhello.site\\\/\"},{\"@type\":\"ListItem\",\"position\":2,\"name\":\"Nutrition\",\"item\":\"https:\\\/\\\/crystal.myhello.site\\\/nutrition\\\/\"},{\"@type\":\"ListItem\",\"position\":3,\"name\":\"Notre FAQ\"}]},{\"@type\":\"WebSite\",\"@id\":\"https:\\\/\\\/crystal.myhello.site\\\/#website\",\"url\":\"https:\\\/\\\/crystal.myhello.site\\\/\",\"name\":\"Crystal Margarine\",\"description\":\"Start your morning with a smile.\",\"potentialAction\":[{\"@type\":\"SearchAction\",\"target\":{\"@type\":\"EntryPoint\",\"urlTemplate\":\"https:\\\/\\\/crystal.myhello.site\\\/?s={search_term_string}\"},\"query-input\":{\"@type\":\"PropertyValueSpecification\",\"valueRequired\":true,\"valueName\":\"search_term_string\"}}],\"inLanguage\":\"fr-FR\"}]}<\/script>\n<!-- \/ Yoast SEO plugin. -->","yoast_head_json":{"title":"Notre FAQ - Crystal Margarine","robots":{"index":"noindex","follow":"follow","max-snippet":"max-snippet:-1","max-image-preview":"max-image-preview:large","max-video-preview":"max-video-preview:-1"},"og_locale":"fr_FR","og_type":"article","og_title":"Notre FAQ - Crystal Margarine","og_description":"Notre FAQ Foire aux questions Nos ingr\u00e9dients crystal margarine Consultez notre page des ingr\u00e9dients pour une liste compl\u00e8te des ingr\u00e9dients. Notre margarine se compose d\u2019ingr\u00e9dients v\u00e9g\u00e9taux et contient principalement de l\u2019huile de canola cultiv\u00e9 ici m\u00eame au Canada. Nous sommes fiers de soutenir des milliers d\u2019agriculteurs canadiens et leurs familles. LA MARGARINE CRYSTAL EST-ELLE S\u00dbRE POUR UNE DI\u00c8TE SANS GLUTEN? ... Read More","og_url":"https:\/\/crystal.myhello.site\/nutrition\/faqs\/","og_site_name":"Crystal Margarine","article_modified_time":"2023-07-11T16:55:54+00:00","twitter_card":"summary_large_image","twitter_misc":{"Dur\u00e9e de lecture estim\u00e9e":"3 minutes"},"schema":{"@context":"https:\/\/schema.org","@graph":[{"@type":"WebPage","@id":"https:\/\/crystal.myhello.site\/nutrition\/faqs\/","url":"https:\/\/crystal.myhello.site\/nutrition\/faqs\/","name":"Notre FAQ - Crystal Margarine","isPartOf":{"@id":"https:\/\/crystal.myhello.site\/#website"},"datePublished":"2023-07-11T16:40:29+00:00","dateModified":"2023-07-11T16:55:54+00:00","breadcrumb":{"@id":"https:\/\/crystal.myhello.site\/nutrition\/faqs\/#breadcrumb"},"inLanguage":"fr-FR","potentialAction":[{"@type":"ReadAction","target":["https:\/\/crystal.myhello.site\/nutrition\/faqs\/"]}]},{"@type":"BreadcrumbList","@id":"https:\/\/crystal.myhello.site\/nutrition\/faqs\/#breadcrumb","itemListElement":[{"@type":"ListItem","position":1,"name":"Home","item":"https:\/\/crystal.myhello.site\/"},{"@type":"ListItem","position":2,"name":"Nutrition","item":"https:\/\/crystal.myhello.site\/nutrition\/"},{"@type":"ListItem","position":3,"name":"Notre FAQ"}]},{"@type":"WebSite","@id":"https:\/\/crystal.myhello.site\/#website","url":"https:\/\/crystal.myhello.site\/","name":"Crystal Margarine","description":"Start your morning with a smile.","potentialAction":[{"@type":"SearchAction","target":{"@type":"EntryPoint","urlTemplate":"https:\/\/crystal.myhello.site\/?s={search_term_string}"},"query-input":{"@type":"PropertyValueSpecification","valueRequired":true,"valueName":"search_term_string"}}],"inLanguage":"fr-FR"}]}},"_links":{"self":[{"href":"https:\/\/crystal.myhello.site\/fr\/wp-json\/wp\/v2\/pages\/31622","targetHints":{"allow":["GET"]}}],"collection":[{"href":"https:\/\/crystal.myhello.site\/fr\/wp-json\/wp\/v2\/pages"}],"about":[{"href":"https:\/\/crystal.myhello.site\/fr\/wp-json\/wp\/v2\/types\/page"}],"author":[{"embeddable":true,"href":"https:\/\/crystal.myhello.site\/fr\/wp-json\/wp\/v2\/users\/1"}],"replies":[{"embeddable":true,"href":"https:\/\/crystal.myhello.site\/fr\/wp-json\/wp\/v2\/comments?post=31622"}],"version-history":[{"count":15,"href":"https:\/\/crystal.myhello.site\/fr\/wp-json\/wp\/v2\/pages\/31622\/revisions"}],"predecessor-version":[{"id":31656,"href":"https:\/\/crystal.myhello.site\/fr\/wp-json\/wp\/v2\/pages\/31622\/revisions\/31656"}],"up":[{"embeddable":true,"href":"https:\/\/crystal.myhello.site\/fr\/wp-json\/wp\/v2\/pages\/31569"}],"wp:attachment":[{"href":"https:\/\/crystal.myhello.site\/fr\/wp-json\/wp\/v2\/media?parent=31622"}],"curies":[{"name":"wp","href":"https:\/\/api.w.org\/{rel}","templated":true}]}}