{"id":31657,"date":"2023-07-11T11:58:13","date_gmt":"2023-07-11T16:58:13","guid":{"rendered":"https:\/\/crystal.myhello.site\/ingredients-french\/"},"modified":"2023-07-11T12:01:23","modified_gmt":"2023-07-11T17:01:23","slug":"nos-ingredients","status":"publish","type":"page","link":"https:\/\/crystal.myhello.site\/fr\/nutrition\/nos-ingredients\/","title":{"rendered":"Nos ingr\u00e9dients"},"content":{"rendered":"<div id=\"cs-content\" class=\"cs-content\"><\/div>\n","protected":false},"excerpt":{"rendered":"<p>Nos ingr\u00e9dients VOTRE PREMIER CHOIX SANT\u00c9 ET D\u00c9LICIEUX FORMULE D\u2019ORIGINE V\u00c9G\u00c9TALE L\u00c9G\u00c8RE ET CR\u00c9MEUSE Huile de canola, Eau, Huile de palme et Huile de palmiste modifi\u00e9es, Sel, Dextrose, Monoglyc\u00e9rides v\u00e9g\u00e9taux, L\u00e9cithine de soja, Sorbate de potassium, Ar\u00f4me naturel, Annatto, Curcuma, Palmitate de vitamine A, Vitamine D2. Notre FAQ<\/p>\n","protected":false},"author":1,"featured_media":0,"parent":31569,"menu_order":0,"comment_status":"closed","ping_status":"closed","template":"template-blank-4.php","meta":{"footnotes":""},"class_list":["post-31657","page","type-page","status-publish","hentry","no-post-thumbnail"],"yoast_head":"<!-- This site is optimized with the Yoast SEO plugin v27.5 - https:\/\/yoast.com\/product\/yoast-seo-wordpress\/ -->\n<title>Nos ingr\u00e9dients - Crystal Margarine<\/title>\n<meta name=\"robots\" content=\"noindex, follow, max-snippet:-1, max-image-preview:large, max-video-preview:-1\" \/>\n<meta property=\"og:locale\" content=\"fr_FR\" \/>\n<meta property=\"og:type\" content=\"article\" \/>\n<meta property=\"og:title\" content=\"Nos ingr\u00e9dients - Crystal Margarine\" \/>\n<meta property=\"og:description\" content=\"Nos ingr\u00e9dients VOTRE PREMIER CHOIX SANT\u00c9 ET D\u00c9LICIEUX FORMULE D\u2019ORIGINE V\u00c9G\u00c9TALE L\u00c9G\u00c8RE ET CR\u00c9MEUSE Huile de canola, Eau, Huile de palme et Huile de palmiste modifi\u00e9es, Sel, Dextrose, Monoglyc\u00e9rides v\u00e9g\u00e9taux, L\u00e9cithine de soja, Sorbate de potassium, Ar\u00f4me naturel, Annatto, Curcuma, Palmitate de vitamine A, Vitamine D2. Notre FAQ\" \/>\n<meta property=\"og:url\" content=\"https:\/\/crystal.myhello.site\/nutrition\/ingredients\/\" \/>\n<meta property=\"og:site_name\" content=\"Crystal Margarine\" \/>\n<meta property=\"article:modified_time\" content=\"2023-07-11T17:01:23+00:00\" \/>\n<meta name=\"twitter:card\" content=\"summary_large_image\" \/>\n<meta name=\"twitter:label1\" content=\"Dur\u00e9e de lecture estim\u00e9e\" \/>\n\t<meta name=\"twitter:data1\" content=\"1 minute\" \/>\n<script type=\"application\/ld+json\" class=\"yoast-schema-graph\">{\"@context\":\"https:\\\/\\\/schema.org\",\"@graph\":[{\"@type\":\"WebPage\",\"@id\":\"https:\\\/\\\/crystal.myhello.site\\\/nutrition\\\/ingredients\\\/\",\"url\":\"https:\\\/\\\/crystal.myhello.site\\\/nutrition\\\/ingredients\\\/\",\"name\":\"Nos ingr\u00e9dients - Crystal Margarine\",\"isPartOf\":{\"@id\":\"https:\\\/\\\/crystal.myhello.site\\\/#website\"},\"datePublished\":\"2023-07-11T16:58:13+00:00\",\"dateModified\":\"2023-07-11T17:01:23+00:00\",\"breadcrumb\":{\"@id\":\"https:\\\/\\\/crystal.myhello.site\\\/nutrition\\\/ingredients\\\/#breadcrumb\"},\"inLanguage\":\"fr-FR\",\"potentialAction\":[{\"@type\":\"ReadAction\",\"target\":[\"https:\\\/\\\/crystal.myhello.site\\\/nutrition\\\/ingredients\\\/\"]}]},{\"@type\":\"BreadcrumbList\",\"@id\":\"https:\\\/\\\/crystal.myhello.site\\\/nutrition\\\/ingredients\\\/#breadcrumb\",\"itemListElement\":[{\"@type\":\"ListItem\",\"position\":1,\"name\":\"Home\",\"item\":\"https:\\\/\\\/crystal.myhello.site\\\/\"},{\"@type\":\"ListItem\",\"position\":2,\"name\":\"Nutrition\",\"item\":\"https:\\\/\\\/crystal.myhello.site\\\/nutrition\\\/\"},{\"@type\":\"ListItem\",\"position\":3,\"name\":\"Nos ingr\u00e9dients\"}]},{\"@type\":\"WebSite\",\"@id\":\"https:\\\/\\\/crystal.myhello.site\\\/#website\",\"url\":\"https:\\\/\\\/crystal.myhello.site\\\/\",\"name\":\"Crystal Margarine\",\"description\":\"Start your morning with a smile.\",\"potentialAction\":[{\"@type\":\"SearchAction\",\"target\":{\"@type\":\"EntryPoint\",\"urlTemplate\":\"https:\\\/\\\/crystal.myhello.site\\\/?s={search_term_string}\"},\"query-input\":{\"@type\":\"PropertyValueSpecification\",\"valueRequired\":true,\"valueName\":\"search_term_string\"}}],\"inLanguage\":\"fr-FR\"}]}<\/script>\n<!-- \/ Yoast SEO plugin. -->","yoast_head_json":{"title":"Nos ingr\u00e9dients - Crystal Margarine","robots":{"index":"noindex","follow":"follow","max-snippet":"max-snippet:-1","max-image-preview":"max-image-preview:large","max-video-preview":"max-video-preview:-1"},"og_locale":"fr_FR","og_type":"article","og_title":"Nos ingr\u00e9dients - Crystal Margarine","og_description":"Nos ingr\u00e9dients VOTRE PREMIER CHOIX SANT\u00c9 ET D\u00c9LICIEUX FORMULE D\u2019ORIGINE V\u00c9G\u00c9TALE L\u00c9G\u00c8RE ET CR\u00c9MEUSE Huile de canola, Eau, Huile de palme et Huile de palmiste modifi\u00e9es, Sel, Dextrose, Monoglyc\u00e9rides v\u00e9g\u00e9taux, L\u00e9cithine de soja, Sorbate de potassium, Ar\u00f4me naturel, Annatto, Curcuma, Palmitate de vitamine A, Vitamine D2. Notre FAQ","og_url":"https:\/\/crystal.myhello.site\/nutrition\/ingredients\/","og_site_name":"Crystal Margarine","article_modified_time":"2023-07-11T17:01:23+00:00","twitter_card":"summary_large_image","twitter_misc":{"Dur\u00e9e de lecture estim\u00e9e":"1 minute"},"schema":{"@context":"https:\/\/schema.org","@graph":[{"@type":"WebPage","@id":"https:\/\/crystal.myhello.site\/nutrition\/ingredients\/","url":"https:\/\/crystal.myhello.site\/nutrition\/ingredients\/","name":"Nos ingr\u00e9dients - Crystal Margarine","isPartOf":{"@id":"https:\/\/crystal.myhello.site\/#website"},"datePublished":"2023-07-11T16:58:13+00:00","dateModified":"2023-07-11T17:01:23+00:00","breadcrumb":{"@id":"https:\/\/crystal.myhello.site\/nutrition\/ingredients\/#breadcrumb"},"inLanguage":"fr-FR","potentialAction":[{"@type":"ReadAction","target":["https:\/\/crystal.myhello.site\/nutrition\/ingredients\/"]}]},{"@type":"BreadcrumbList","@id":"https:\/\/crystal.myhello.site\/nutrition\/ingredients\/#breadcrumb","itemListElement":[{"@type":"ListItem","position":1,"name":"Home","item":"https:\/\/crystal.myhello.site\/"},{"@type":"ListItem","position":2,"name":"Nutrition","item":"https:\/\/crystal.myhello.site\/nutrition\/"},{"@type":"ListItem","position":3,"name":"Nos ingr\u00e9dients"}]},{"@type":"WebSite","@id":"https:\/\/crystal.myhello.site\/#website","url":"https:\/\/crystal.myhello.site\/","name":"Crystal Margarine","description":"Start your morning with a smile.","potentialAction":[{"@type":"SearchAction","target":{"@type":"EntryPoint","urlTemplate":"https:\/\/crystal.myhello.site\/?s={search_term_string}"},"query-input":{"@type":"PropertyValueSpecification","valueRequired":true,"valueName":"search_term_string"}}],"inLanguage":"fr-FR"}]}},"_links":{"self":[{"href":"https:\/\/crystal.myhello.site\/fr\/wp-json\/wp\/v2\/pages\/31657","targetHints":{"allow":["GET"]}}],"collection":[{"href":"https:\/\/crystal.myhello.site\/fr\/wp-json\/wp\/v2\/pages"}],"about":[{"href":"https:\/\/crystal.myhello.site\/fr\/wp-json\/wp\/v2\/types\/page"}],"author":[{"embeddable":true,"href":"https:\/\/crystal.myhello.site\/fr\/wp-json\/wp\/v2\/users\/1"}],"replies":[{"embeddable":true,"href":"https:\/\/crystal.myhello.site\/fr\/wp-json\/wp\/v2\/comments?post=31657"}],"version-history":[{"count":8,"href":"https:\/\/crystal.myhello.site\/fr\/wp-json\/wp\/v2\/pages\/31657\/revisions"}],"predecessor-version":[{"id":31669,"href":"https:\/\/crystal.myhello.site\/fr\/wp-json\/wp\/v2\/pages\/31657\/revisions\/31669"}],"up":[{"embeddable":true,"href":"https:\/\/crystal.myhello.site\/fr\/wp-json\/wp\/v2\/pages\/31569"}],"wp:attachment":[{"href":"https:\/\/crystal.myhello.site\/fr\/wp-json\/wp\/v2\/media?parent=31657"}],"curies":[{"name":"wp","href":"https:\/\/api.w.org\/{rel}","templated":true}]}}